{"id":3173,"date":"2019-08-15T13:09:46","date_gmt":"2019-08-15T06:09:46","guid":{"rendered":"http:\/\/nhatanframe.com.vn\/?post_type=product&#038;p=3173"},"modified":"2019-09-30T10:40:37","modified_gmt":"2019-09-30T03:40:37","slug":"ktmbs-20x30-den","status":"publish","type":"product","link":"https:\/\/nhatanframe.com.vn\/en\/product\/ktmbs-20x30-den\/","title":{"rendered":"KTMBS 20\u00d730 Black"},"content":{"rendered":"<p>Khung th\u1edd m\u0169 b\u00f4ng sen 20&#215;30 \u0110en<\/p>","protected":false},"excerpt":{"rendered":"<ul>\n<li>Product name: Frame KTMBS 20\u00d730 Black<\/li>\n<li>Color: Black<\/li>\n<li>Picture size: 20x30 cm<\/li>\n<\/ul>","protected":false},"featured_media":3213,"template":"","meta":[],"product_cat":[155],"product_tag":[],"_links":{"self":[{"href":"https:\/\/nhatanframe.com.vn\/en\/wp-json\/wp\/v2\/product\/3173"}],"collection":[{"href":"https:\/\/nhatanframe.com.vn\/en\/wp-json\/wp\/v2\/product"}],"about":[{"href":"https:\/\/nhatanframe.com.vn\/en\/wp-json\/wp\/v2\/types\/product"}],"wp:featuredmedia":[{"embeddable":true,"href":"https:\/\/nhatanframe.com.vn\/en\/wp-json\/wp\/v2\/media\/3213"}],"wp:attachment":[{"href":"https:\/\/nhatanframe.com.vn\/en\/wp-json\/wp\/v2\/media?parent=3173"}],"wp:term":[{"taxonomy":"product_cat","embeddable":true,"href":"https:\/\/nhatanframe.com.vn\/en\/wp-json\/wp\/v2\/product_cat?post=3173"},{"taxonomy":"product_tag","embeddable":true,"href":"https:\/\/nhatanframe.com.vn\/en\/wp-json\/wp\/v2\/product_tag?post=3173"}],"curies":[{"name":"wp","href":"https:\/\/api.w.org\/{rel}","templated":true}]}}